{"id":842,"date":"2025-01-08T13:52:46","date_gmt":"2025-01-08T11:52:46","guid":{"rendered":"https:\/\/new.doramedicals.ro\/?page_id=842"},"modified":"2026-02-25T00:51:38","modified_gmt":"2026-02-24T22:51:38","slug":"kapcsolat","status":"publish","type":"page","link":"https:\/\/www.doramedicals.ro\/hu\/kapcsolat\/","title":{"rendered":"Kapcsolat"},"content":{"rendered":"<figure class=\"wp-block-image size-large\"><img loading=\"lazy\" decoding=\"async\" width=\"1024\" height=\"462\" src=\"https:\/\/www.doramedicals.ro\/wp-content\/uploads\/2024\/12\/contact-dora-medicals-1024x462.jpg\" alt=\"L\u00e9pjen kapcsolatba a Dora Medicalsszel Marosv\u00e1s\u00e1rhelyen, Sz\u00e1szr\u00e9genben, Segesv\u00e1ron \u00e9s Ny\u00e1r\u00e1dszered\u00e1ban\" class=\"wp-image-775\" srcset=\"https:\/\/www.doramedicals.ro\/wp-content\/uploads\/2024\/12\/contact-dora-medicals-1024x462.jpg 1024w, https:\/\/www.doramedicals.ro\/wp-content\/uploads\/2024\/12\/contact-dora-medicals-300x135.jpg 300w, https:\/\/www.doramedicals.ro\/wp-content\/uploads\/2024\/12\/contact-dora-medicals-768x346.jpg 768w, https:\/\/www.doramedicals.ro\/wp-content\/uploads\/2024\/12\/contact-dora-medicals-18x8.jpg 18w, https:\/\/www.doramedicals.ro\/wp-content\/uploads\/2024\/12\/contact-dora-medicals-450x203.jpg 450w, https:\/\/www.doramedicals.ro\/wp-content\/uploads\/2024\/12\/contact-dora-medicals.jpg 1200w\" sizes=\"auto, (max-width: 1024px) 100vw, 1024px\" \/><\/figure>\n\n\n\n\n<ul class=\"wp-block-list\">\n<li><a href=\"https:\/\/www.doramedicals.ro\/sediul-central-targu-mures\/\">K\u00f6zponti telephely \u2013 Marosv\u00e1s\u00e1rhely<\/a>, Rom\u00e1nia<\/li>\n\n\n\n\n<li>Telefon:&nbsp;<strong>0265-212.971 \/ 0265-212.972 \/ 0733-553.970<\/strong><\/li>\n\n\n\n\n<li><a href=\"https:\/\/www.doramedicals.ro\/punct-de-recoltare-algocalm-targu-mures\/\">Fizioter\u00e1pia, gy\u00f3gytorna<\/a>, Marosv\u00e1s\u00e1rhely, Rom\u00e1nia<\/li>\n\n\n\n\n<li>Telefon:&nbsp;<strong>0733-553.972<\/strong><\/li>\n\n\n\n\n<li><a href=\"https:\/\/www.doramedicals.ro\/reghin\/\">Sz\u00e1szr\u00e9gen<\/a>, Rom\u00e1nia<\/li>\n\n\n\n\n<li>Telefon:&nbsp;<strong>0265-512.095, 0733-553.971<\/strong><\/li>\n\n\n\n\n<li><a href=\"https:\/\/www.doramedicals.ro\/miercurea-nirajului\/\">Ny\u00e1r\u00e1dszereda<\/a>, Rom\u00e1nia<\/li>\n\n\n\n\n<li>Telefon:&nbsp;<strong>0265-576.514, 0733-553.973<\/strong><\/li>\n\n\n\n\n<li><a href=\"https:\/\/www.doramedicals.ro\/sighisoara\/\">Segesv\u00e1r<\/a>, Rom\u00e1nia<\/li>\n\n\n\n\n<li>Telefon:&nbsp;<strong>0799-305.475, 0770-810.855<\/strong><\/li>\n<\/ul>","protected":false},"excerpt":{"rendered":"","protected":false},"author":1,"featured_media":0,"parent":0,"menu_order":0,"comment_status":"closed","ping_status":"closed","template":"","meta":{"footnotes":""},"class_list":["post-842","page","type-page","status-publish","hentry"],"_links":{"self":[{"href":"https:\/\/www.doramedicals.ro\/hu\/wp-json\/wp\/v2\/pages\/842","targetHints":{"allow":["GET"]}}],"collection":[{"href":"https:\/\/www.doramedicals.ro\/hu\/wp-json\/wp\/v2\/pages"}],"about":[{"href":"https:\/\/www.doramedicals.ro\/hu\/wp-json\/wp\/v2\/types\/page"}],"author":[{"embeddable":true,"href":"https:\/\/www.doramedicals.ro\/hu\/wp-json\/wp\/v2\/users\/1"}],"replies":[{"embeddable":true,"href":"https:\/\/www.doramedicals.ro\/hu\/wp-json\/wp\/v2\/comments?post=842"}],"version-history":[{"count":2,"href":"https:\/\/www.doramedicals.ro\/hu\/wp-json\/wp\/v2\/pages\/842\/revisions"}],"predecessor-version":[{"id":1588,"href":"https:\/\/www.doramedicals.ro\/hu\/wp-json\/wp\/v2\/pages\/842\/revisions\/1588"}],"wp:attachment":[{"href":"https:\/\/www.doramedicals.ro\/hu\/wp-json\/wp\/v2\/media?parent=842"}],"curies":[{"name":"wp","href":"https:\/\/api.w.org\/{rel}","templated":true}]}}