{"id":1543,"date":"2025-11-05T20:29:51","date_gmt":"2025-11-05T18:29:51","guid":{"rendered":"https:\/\/www.doramedicals.ro\/?page_id=1543"},"modified":"2025-11-05T20:29:52","modified_gmt":"2025-11-05T18:29:52","slug":"fogaszat-dora-medicals-targu-mures","status":"publish","type":"page","link":"https:\/\/www.doramedicals.ro\/hu\/fogaszat-dora-medicals-targu-mures\/","title":{"rendered":"Fog\u00e1szat \u2013 Dora Medicals T\u00e2rgu Mure\u0219"},"content":{"rendered":"<figure class=\"wp-block-image size-large\"><img loading=\"lazy\" decoding=\"async\" width=\"1024\" height=\"365\" src=\"https:\/\/www.doramedicals.ro\/wp-content\/uploads\/2024\/12\/STOMATOLOGIE-1024x365.jpg\" alt=\"stomatologie dora medicals targu mures\" class=\"wp-image-752\" srcset=\"https:\/\/www.doramedicals.ro\/wp-content\/uploads\/2024\/12\/STOMATOLOGIE-1024x365.jpg 1024w, https:\/\/www.doramedicals.ro\/wp-content\/uploads\/2024\/12\/STOMATOLOGIE-300x107.jpg 300w, https:\/\/www.doramedicals.ro\/wp-content\/uploads\/2024\/12\/STOMATOLOGIE-768x274.jpg 768w, https:\/\/www.doramedicals.ro\/wp-content\/uploads\/2024\/12\/STOMATOLOGIE-1536x548.jpg 1536w, https:\/\/www.doramedicals.ro\/wp-content\/uploads\/2024\/12\/STOMATOLOGIE-2048x731.jpg 2048w, https:\/\/www.doramedicals.ro\/wp-content\/uploads\/2024\/12\/STOMATOLOGIE-18x6.jpg 18w, https:\/\/www.doramedicals.ro\/wp-content\/uploads\/2024\/12\/STOMATOLOGIE-450x161.jpg 450w\" sizes=\"auto, (max-width: 1024px) 100vw, 1024px\" \/><\/figure>\n\n\n\n<h3 class=\"wp-block-heading\">Fogorvosok<\/h3>\n\n\n\n<p><strong>Dr. Madaras Bal\u00e1zs<\/strong><br><em>Fogorvos szakorvos<\/em><\/p>\n\n\n\n<p><strong>Dr. D\u00e1vid No\u00e9mi-Katalin<\/strong><br><em>Fogorvos szakorvos<\/em><\/p>\n\n\n\n<p><strong>Dr. Trif\u00e1n Timea<\/strong><br><em>Fogorvos szakorvos<\/em><\/p>\n\n\n\n<p><strong>Dr. Sz\u0151cs M\u00e1ty\u00e1s Barta Kinga<\/strong><br><em>Fogorvos szakorvos<\/em><\/p>\n\n\n\n<p><em><strong>Dr. Jakab Botond Etele<\/strong><br>Ortodontus szakorvos<\/em><\/p>\n\n\n\n<p><em><strong>Dr. Albert Blanka<\/strong><br>Fogorvos szakorvos<\/em><\/p>\n\n\n\n<p><em><strong>Dr. Asztalos Hunor<\/strong><\/em><\/p>\n\n\n\n<p>Sz\u00e1jseb\u00e9sz szakorvos<\/p>\n\n\n\n<h3 class=\"wp-block-heading\"><strong>Id\u0151pontfoglal\u00e1s:<\/strong><\/h3>\n\n\n\n<p>0733-553 978<\/p>\n\n\n\n<h1 class=\"wp-block-heading\"><br><strong>Fog\u00e1szati szolg\u00e1ltat\u00e1sok<\/strong><\/h1>\n\n\n\n<figure class=\"wp-block-table\"><table class=\"has-fixed-layout\"><tbody><tr><td><strong>Vizsg\u00e1latok<\/strong><\/td><td class=\"has-text-align-left\" data-align=\"left\"><strong>\u00c1r (lei)<\/strong><\/td><\/tr><tr><td>Els\u0151 vizsg\u00e1lat<\/td><td class=\"has-text-align-left\" data-align=\"left\">200<\/td><\/tr><tr><td>Tanulm\u00e1nyi minta<\/td><td class=\"has-text-align-left\" data-align=\"left\">50<\/td><\/tr><tr><td>Kontrollvizsg\u00e1lat (esetdokument\u00e1ci\u00f3val)<\/td><td class=\"has-text-align-left\" data-align=\"left\">150<\/td><\/tr><tr><td>Izom-csontrendszeri funkci\u00f3zavar sz\u0171r\u00e9s<\/td><td class=\"has-text-align-left\" data-align=\"left\">100<\/td><\/tr><tr><td>Intraor\u00e1lis szkennel\u00e9s<\/td><td class=\"has-text-align-left\" data-align=\"left\">200<\/td><\/tr><tr><td><strong>Egyszer\u0171 fogszuvasod\u00e1s kezel\u00e9se<\/strong><\/td><td class=\"has-text-align-left\" data-align=\"left\"><\/td><\/tr><tr><td>Kompozit t\u00f6m\u00e9s<\/td><td class=\"has-text-align-left\" data-align=\"left\">200-400<\/td><\/tr><tr><td>Kompozit koronarekonstrukci\u00f3<\/td><td class=\"has-text-align-left\" data-align=\"left\">350<\/td><\/tr><tr><td>Bar\u00e1zdaz\u00e1r\u00e1s<\/td><td class=\"has-text-align-left\" data-align=\"left\">150<\/td><\/tr><tr><td>\u00dcvegionomer cementes kezel\u00e9s<\/td><td class=\"has-text-align-left\" data-align=\"left\">150<\/td><\/tr><tr><td>Feh\u00e9r foltok kezel\u00e9se (Icon m\u00f3dszerrel)<\/td><td class=\"has-text-align-left\" data-align=\"left\">200\/fog<\/td><\/tr><tr><td>Kopott fogak harap\u00e1smagass\u00e1g\u00e1nak n\u00f6vel\u00e9se<\/td><td class=\"has-text-align-left\" data-align=\"left\">170-300 \/ fog<\/td><\/tr><tr><td>V\u00e9d\u0151 s\u00edn a rekonstru\u00e1lt fogakra<\/td><td class=\"has-text-align-left\" data-align=\"left\">500<\/td><\/tr><tr><td><strong>Fogb\u00e9lbetegs\u00e9gek kezel\u00e9se<\/strong><\/td><td class=\"has-text-align-left\" data-align=\"left\"><\/td><\/tr><tr><td>Nyugtat\u00f3 k\u00f6t\u00e9s \/ tejfogak gangr\u00e9na kezel\u00e9se<\/td><td class=\"has-text-align-left\" data-align=\"left\">100<\/td><\/tr><tr><td>Lyukasztott gy\u00f6k\u00e9rcsatorna t\u00f6m\u00e9se MTA vagy Biodentine anyaggal<\/td><td class=\"has-text-align-left\" data-align=\"left\">200<\/td><\/tr><tr><td>Fog\u00e1gy t\u00e1lyog kezel\u00e9se<\/td><td class=\"has-text-align-left\" data-align=\"left\">200<\/td><\/tr><tr><td>Ultrahangos \u00e9s k\u00e9zi fogk\u0151elt\u00e1vol\u00edt\u00e1s<\/td><td class=\"has-text-align-left\" data-align=\"left\">70<\/td><\/tr><tr><td>K\u00f6zvetlen t\u00f6m\u00e9s MTA-val vagy Biodentine-nel<\/td><td class=\"has-text-align-left\" data-align=\"left\">150<\/td><\/tr><tr><td>Egyszer\u0171 preendodontikus rekonstrukci\u00f3 kompozittal vagy cementtel<\/td><td class=\"has-text-align-left\" data-align=\"left\">150<\/td><\/tr><tr><td>F\u00e9mcsap\/t\u00f6r\u00f6tt eszk\u00f6z elt\u00e1vol\u00edt\u00e1sa a gy\u00f6k\u00e9rcsatorn\u00e1b\u00f3l<\/td><td class=\"has-text-align-left\" data-align=\"left\">250<\/td><\/tr><tr><td>Endodontikus kezel\u00e9s \u2013 els\u0151 alkalom \u2013 egy gy\u00f6k\u00e9rcsatorn\u00e1s fogakn\u00e1l<\/td><td class=\"has-text-align-left\" data-align=\"left\">280\/400<\/td><\/tr><tr><td>Endodontikus kezel\u00e9s \u2013 m\u00e1sodik alkalom \u2013 egy\/k\u00e9tgy\u00f6k\u00e9rcsatorn\u00e1s fogakn\u00e1l<\/td><td class=\"has-text-align-left\" data-align=\"left\">200<\/td><\/tr><tr><td>Endodontikus kezel\u00e9s \u2013 befejez\u0151 alkalom egy gy\u00f6k\u00e9rcsatorna<\/td><td class=\"has-text-align-left\" data-align=\"left\">350<\/td><\/tr><tr><td>Endodontikus kezel\u00e9s \u2013 els\u0151 alkalom \u2013 dupla gy\u00f6k\u00e9rcsatorn\u00e1s fogakn\u00e1l<\/td><td class=\"has-text-align-left\" data-align=\"left\">330\/430<\/td><\/tr><tr><td>Endodontikus kezel\u00e9s \u2013 befejez\u0151 alkalom dupla gy\u00f6k\u00e9rcsatorna<\/td><td class=\"has-text-align-left\" data-align=\"left\">420<\/td><\/tr><tr><td>Endodontikus kezel\u00e9s &#8211; b\u00f6lcsess\u00e9gfog<\/td><td class=\"has-text-align-left\" data-align=\"left\">400-600<\/td><\/tr><tr><td>Endodontikus kezel\u00e9s &#8211; b\u00f6lcsess\u00e9gfog (m\u00e1sodik kezel\u00e9s)<\/td><td class=\"has-text-align-left\" data-align=\"left\">250<\/td><\/tr><tr><td>Endodontikus kezel\u00e9s &#8211; b\u00f6lcsess\u00e9gfog (z\u00e1r\u00f3 kezel\u00e9s)<\/td><td class=\"has-text-align-left\" data-align=\"left\">510\/580<\/td><\/tr><tr><td><br><strong>\u00cdny \u00e9s fog\u00e1gybetegs\u00e9gek kezel\u00e9se<\/strong><\/td><td class=\"has-text-align-left\" data-align=\"left\"><\/td><\/tr><tr><td>Parodont\u00e1lis t\u00e1lyog kezel\u00e9se<\/td><td class=\"has-text-align-left\" data-align=\"left\">150<\/td><\/tr><tr><td>Ultrahangos \u00e9s manu\u00e1lis fogk\u0151elt\u00e1volit\u00e1s<\/td><td class=\"has-text-align-left\" data-align=\"left\">150-250<\/td><\/tr><tr><td>Sz\u00f3daporos fogtiszt\u00edt\u00e1s<\/td><td class=\"has-text-align-left\" data-align=\"left\">100<\/td><\/tr><tr><td>Z\u00e1rt \u00e9s ny\u00edlt k\u00fcret helyi \u00e9rz\u00e9stelen\u00edt\u00e9ssel<\/td><td class=\"has-text-align-left\" data-align=\"left\">400<\/td><\/tr><tr><td>Z\u00e1rt \u00e9s ny\u00edlt k\u00fcret helyi \u00e9rz\u00e9stelen\u00edt\u00e9ssel<\/td><td class=\"has-text-align-left\" data-align=\"left\">1500-2500<\/td><\/tr><tr><td>Mozg\u00f3 fogak r\u00f6gz\u00edt\u00e9se<\/td><td class=\"has-text-align-left\" data-align=\"left\">de la 300<\/td><\/tr><tr><td>Mozg\u00f3 fogak r\u00f6gz\u00edt\u00e9se <\/td><td class=\"has-text-align-left\" data-align=\"left\">de la 700<\/td><\/tr><tr><td>Fogkorona m\u0171t\u00e9ti hosszabb\u00edt\u00e1sa<\/td><td class=\"has-text-align-left\" data-align=\"left\">400\/fog<\/td><\/tr><tr><td>\u00cdnyvisszah\u00faz\u00f3d\u00e1s m\u0171t\u00e9ti kezel\u00e9se<\/td><td class=\"has-text-align-left\" data-align=\"left\">1200\/fog<\/td><\/tr><tr><td>\u00cdnyform\u00e1z\u00e1s, kauterez\u00e9s<\/td><td class=\"has-text-align-left\" data-align=\"left\">50\/100-dinte<\/td><\/tr><tr><td><strong><br><strong>Sz\u00e1jseb\u00e9szeti beavatkoz\u00e1sok<\/strong><\/strong><\/td><td class=\"has-text-align-left\" data-align=\"left\"><\/td><\/tr><tr><td>Injekci\u00f3s \u00e9rz\u00e9stelen\u00edt\u00e9s<\/td><td class=\"has-text-align-left\" data-align=\"left\">20<\/td><\/tr><tr><td>Tejfogak elt\u00e1vol\u00edt\u00e1sa<\/td><td class=\"has-text-align-left\" data-align=\"left\">100-200<\/td><\/tr><tr><td>Egyszer\u0171 \u00e9s \u00f6sszetett fogh\u00faz\u00e1s<\/td><td class=\"has-text-align-left\" data-align=\"left\">100-200<\/td><\/tr><tr><td><br>Egyszer\u0171 \u00e9s \u00f6sszetett fogh\u00faz\u00e1s (t\u00f6bbgy\u00f6ker\u0171)<\/td><td class=\"has-text-align-left\" data-align=\"left\">100-300<\/td><\/tr><tr><td>Fogelt\u00e1vol\u00edt\u00e1s alveolot\u00f3mi\u00e1val<\/td><td class=\"has-text-align-left\" data-align=\"left\">400-600<\/td><\/tr><tr><td>Egyszer\u0171 \u00e9s \u00f6sszetett fogh\u00faz\u00e1s<\/td><td class=\"has-text-align-left\" data-align=\"left\">150<\/td><\/tr><tr><td>Implant\u00e1tum be\u00fcltet\u00e9se (MIS C1)<\/td><td class=\"has-text-align-left\" data-align=\"left\">400 euro<\/td><\/tr><tr><td>Csontp\u00f3tl\u00e1s<\/td><td class=\"has-text-align-left\" data-align=\"left\">400-600  euro<\/td><\/tr><tr><td>Gy\u00f3gyul\u00e1st seg\u00edt\u0151 csavar felhelyez\u00e9se implant\u00e1tumra<\/td><td class=\"has-text-align-left\" data-align=\"left\">200<\/td><\/tr><tr><td>R\u00f6gz\u00edtett \u00edny volumen\u00e9nek n\u00f6vel\u00e9se T-ECTG technik\u00e1val<\/td><td class=\"has-text-align-left\" data-align=\"left\">1200<\/td><\/tr><tr><td>Fog\u00e1szati implant\u00e1tum k\u00f6r\u00fcli gyullad\u00e1sos betegs\u00e9g seb\u00e9szi kezel\u00e9se<\/td><td class=\"has-text-align-left\" data-align=\"left\">1200<\/td><\/tr><tr><td>Gy\u00f6k\u00e9rcs\u00facs-rezekci\u00f3 retrogr\u00e1d t\u00f6m\u00e9ssel<\/td><td class=\"has-text-align-left\" data-align=\"left\">800<\/td><\/tr><tr><td><br><strong>Protetikai kezel\u00e9sek<\/strong><\/td><td class=\"has-text-align-left\" data-align=\"left\"><\/td><\/tr><tr><td>Akril\u00e1t prot\u00e9zis m\u0171fogakkal<\/td><td class=\"has-text-align-left\" data-align=\"left\">2000<\/td><\/tr><tr><td>Akril\u00e1t prot\u00e9zis m\u0171fogakkal, kompozittal<\/td><td class=\"has-text-align-left\" data-align=\"left\">2500<\/td><\/tr><tr><td>Egyszer\u0171 jav\u00edt\u00e1sok prot\u00e9ziseken<\/td><td class=\"has-text-align-left\" data-align=\"left\">200<\/td><\/tr><tr><td>Jav\u00edt\u00e1s + akril\u00e1t prot\u00e9zis horoggal+30RON\/horog<\/td><td class=\"has-text-align-left\" data-align=\"left\">200+<\/td><\/tr><tr><td>Jav\u00edt\u00e1s + fogp\u00f3tl\u00e1s hozz\u00e1ad\u00e1sa akril\u00e1t prot\u00e9zisben+20RON\/fog<\/td><td class=\"has-text-align-left\" data-align=\"left\">200+<\/td><\/tr><tr><td>Prot\u00e9zis \u00fajrailleszt\u00e9s<\/td><td class=\"has-text-align-left\" data-align=\"left\">400<\/td><\/tr><tr><td>F\u00e9mv\u00e1zszerkezetes prot\u00e9zis<\/td><td class=\"has-text-align-left\" data-align=\"left\">de la 2500<\/td><\/tr><tr><td>Korona-gy\u00f6k\u00e9r rekonstrukci\u00f3 (+50 RON\/\u00fcvegsz\u00e1las csap eset\u00e9n)<\/td><td class=\"has-text-align-left\" data-align=\"left\">400<\/td><\/tr><tr><td>Korona-gy\u00f6k\u00e9r k\u00e9sz\u00fcl\u00e9k OT-CAP-pal<\/td><td class=\"has-text-align-left\" data-align=\"left\">550<\/td><\/tr><tr><td>Korona, h\u00edd\/csap elt\u00e1vol\u00edt\u00e1sa<\/td><td class=\"has-text-align-left\" data-align=\"left\">150<\/td><\/tr><tr><td>Korona, h\u00edd\/csap cementez\u00e9se<\/td><td class=\"has-text-align-left\" data-align=\"left\">100<\/td><\/tr><tr><td>Ideiglenes korona PMMA-b\u00f3l<\/td><td class=\"has-text-align-left\" data-align=\"left\">200<\/td><\/tr><tr><td>Ideiglenes korona a rendel\u0151ben k\u00e9sz\u00edtve<\/td><td class=\"has-text-align-left\" data-align=\"left\">100<\/td><\/tr><tr><td>Nexco kompozit korona<\/td><td class=\"has-text-align-left\" data-align=\"left\">520<\/td><\/tr><tr><td>F\u00e9m-kompozit korona \u2013 Nexco<\/td><td class=\"has-text-align-left\" data-align=\"left\">530<\/td><\/tr><tr><td>F\u00e9m-ker\u00e1mia korona (+50 RON ker\u00e1mia perem eset\u00e9n)<\/td><td class=\"has-text-align-left\" data-align=\"left\">700<\/td><\/tr><tr><td>Korona \/ pr\u00e9selt ker\u00e1mia<\/td><td class=\"has-text-align-left\" data-align=\"left\">1100<\/td><\/tr><tr><td>Monolitikus cirk\u00f3nium korona<\/td><td class=\"has-text-align-left\" data-align=\"left\">900<\/td><\/tr><tr><td>Cirk\u00f3nium korona ker\u00e1mia borit\u00e1ssal<\/td><td class=\"has-text-align-left\" data-align=\"left\">1000<\/td><\/tr><tr><td>F\u00e9m-ker\u00e1mia korona implant\u00e1tumon<\/td><td class=\"has-text-align-left\" data-align=\"left\">250 euro<\/td><\/tr><tr><td>Monolitikus cirk\u00f3nium korona Ti Base implant\u00e1tumos pill\u00e9ren<\/td><td class=\"has-text-align-left\" data-align=\"left\">300 euro<\/td><\/tr><tr><td>Pr\u00e9selt ker\u00e1mia korona cirk\u00f3nium implant\u00e1tumos pill\u00e9ren<\/td><td class=\"has-text-align-left\" data-align=\"left\">350 euro<\/td><\/tr><tr><td>Ideiglenes PMMA korona Ti Base fejjel implant\u00e1tumokhoz<\/td><td class=\"has-text-align-left\" data-align=\"left\">500 euro<\/td><\/tr><tr><td>Izomlaz\u00edt\u00f3 fogv\u00e9d\u0151<\/td><td class=\"has-text-align-left\" data-align=\"left\">1000<\/td><\/tr><tr><td>Fog\u00e9kszer felhelyez\u00e9se<\/td><td class=\"has-text-align-left\" data-align=\"left\">200<\/td><\/tr><tr><td>Fogfeherit\u00e9s<\/td><td class=\"has-text-align-left\" data-align=\"left\">50<\/td><\/tr><tr><td>Fels\u0151 \u00e9s als\u00f3 k\u00fcls\u0151 fogfeh\u00e9r\u00edt\u00e9s 20 fogra, a kis\u0151rl\u0151kig<\/td><td class=\"has-text-align-left\" data-align=\"left\">700<\/td><\/tr><tr><td>Bels\u0151 fogfeh\u00e9r\u00edt\u00e9s devit\u00e1lis fogakn\u00e1l \/ els\u0151 alkalom<\/td><td class=\"has-text-align-left\" data-align=\"left\">200<\/td><\/tr><tr><td>Bels\u0151 fogfeh\u00e9r\u00edt\u0151 g\u00e9l cser\u00e9je devit\u00e1lis fogakn\u00e1l \/ alkalom<\/td><td class=\"has-text-align-left\" data-align=\"left\">100<\/td><\/tr><tr><td>Kofferd\u00e1m izol\u00e1l\u00e1s<\/td><td class=\"has-text-align-left\" data-align=\"left\">50<\/td><\/tr><tr><td>Oktat\u00e1s a sz\u00e1jhigi\u00e9nia fenntart\u00e1s\u00e1ra<\/td><td class=\"has-text-align-left\" data-align=\"left\"> 20 lej-t\u0151l<\/td><\/tr><tr><td>Retroalveol\u00e1ris r\u00f6ntgen<\/td><td class=\"has-text-align-left\" data-align=\"left\">50<\/td><\/tr><tr><td>Waxol\u00e1s<\/td><td class=\"has-text-align-left\" data-align=\"left\">50\/fog<\/td><\/tr><tr><td>OT CAP sapka cser\u00e9je<\/td><td class=\"has-text-align-left\" data-align=\"left\">150\/buc<\/td><\/tr><tr><td>Mikroszk\u00f3p haszn\u00e9lata beavatkoz\u00e1s sor\u00e1n<\/td><td class=\"has-text-align-left\" data-align=\"left\">80<\/td><\/tr><tr><td>Fog\u00e1szati nagy\u00edt\u00f3 haszn\u00e1lata a kezel\u00e9sek sor\u00e1n<\/td><td class=\"has-text-align-left\" data-align=\"left\">50<\/td><\/tr><tr><td><strong>Fogszab\u00e1lyoz\u00e1s<\/strong><\/td><td class=\"has-text-align-left\" data-align=\"left\"><\/td><\/tr><tr><td><br>Konzult\u00e1ci\u00f3 \u00e9s kezel\u00e9si terv<\/td><td class=\"has-text-align-left\" data-align=\"left\">150-300<\/td><\/tr><tr><td><br>Fix fogszab\u00e1lyz\u00f3 k\u00e9sz\u00fcl\u00e9kek<\/td><td class=\"has-text-align-left\" data-align=\"left\"><\/td><\/tr><tr><td>Konzult\u00e1ci\u00f3<\/td><td class=\"has-text-align-left\" data-align=\"left\">150-300<\/td><\/tr><tr><td>Kezel\u00e9sterv<\/td><td class=\"has-text-align-left\" data-align=\"left\">250-2500<\/td><\/tr><tr><td>Fix fogszab\u00e1lyoz\u00f3 k\u00e9sz\u00fcl\u00e9k aktiv\u00e1l\u00e1sa f\u00e9m bracketekkel \/ h\u00f3nap<\/td><td class=\"has-text-align-left\" data-align=\"left\">100-200<\/td><\/tr><tr><td>Fix fogszab\u00e1lyoz\u00f3 k\u00e9sz\u00fcl\u00e9k \u00f6nlig\u00edroz\u00f3 f\u00e9m bracketekkel \/ \u00edv<\/td><td class=\"has-text-align-left\" data-align=\"left\">2750-400<\/td><\/tr><tr><td>Fix fogszab\u00e1lyoz\u00f3 k\u00e9sz\u00fcl\u00e9k \u00f6nlig\u00edroz\u00f3, fogsz\u00edn\u0171 (fizion\u00f3miai) bracketekkel \/ \u00edv<\/td><td class=\"has-text-align-left\" data-align=\"left\">4000-6000<\/td><\/tr><tr><td>Eszt\u00e9tikus \u00edv<\/td><td class=\"has-text-align-left\" data-align=\"left\">180<\/td><\/tr><tr><td>Fix f\u00e9m fogszab\u00e1lyoz\u00f3 k\u00e9sz\u00fcl\u00e9k elt\u00e1vol\u00edt\u00e1sa \/ \u00edv<\/td><td class=\"has-text-align-left\" data-align=\"left\">200-250<\/td><\/tr><tr><td>Mini implant\u00e1tum<\/td><td class=\"has-text-align-left\" data-align=\"left\">800-1200<\/td><\/tr><tr><td><strong>Mobilis fogszab\u00e1lyz\u00f3k<\/strong><\/td><td class=\"has-text-align-left\" data-align=\"left\"><\/td><\/tr><tr><td>Retenci\u00f3s s\u00edn \/ \u00edv<\/td><td class=\"has-text-align-left\" data-align=\"left\">400-600<\/td><\/tr><tr><td>Tit\u00e1n retainer<\/td><td class=\"has-text-align-left\" data-align=\"left\">500-700<\/td><\/tr><tr><td>L\u00e1thatatlan fogszab\u00e1lyoz\u00f3 k\u00e9sz\u00fcl\u00e9k tervez\u00e9se<\/td><td class=\"has-text-align-left\" data-align=\"left\">800-1000<\/td><\/tr><tr><td>S\u00edn l\u00e1thatatlan fogszab\u00e1lyoz\u00e1shoz \/ fog<\/td><td class=\"has-text-align-left\" data-align=\"left\">300-500<\/td><\/tr><tr><td>IMG intermaxill\u00e1ris gumiszalagok<\/td><td class=\"has-text-align-left\" data-align=\"left\">10-20\/set<\/td><\/tr><tr><td>Ellen\u0151rz\u00e9s mozgathat\u00f3 k\u00e9sz\u00fcl\u00e9kek eset\u00e9n<\/td><td class=\"has-text-align-left\" data-align=\"left\">80-200<\/td><\/tr><tr><td>Bene Slider<\/td><td class=\"has-text-align-left\" data-align=\"left\">3000-4000<\/td><\/tr><tr><td>Hyrax<\/td><td class=\"has-text-align-left\" data-align=\"left\">1600-2500<\/td><\/tr><tr><td>Hibrid Hyrax<\/td><td class=\"has-text-align-left\" data-align=\"left\">3000-4000<\/td><\/tr><tr><td>Micro 4<\/td><td class=\"has-text-align-left\" data-align=\"left\">4000-5000<\/td><\/tr><tr><td>Mozgathat\u00f3 fogszab\u00e1lyoz\u00f3 k\u00e9sz\u00fcl\u00e9kek, k\u00fcl\u00f6nb\u00f6z\u0151 t\u00edpusok<br><\/td><td class=\"has-text-align-left\" data-align=\"left\">800-2000<\/td><\/tr><tr><td>Mozgathat\u00f3 fogszab\u00e1lyoz\u00f3 k\u00e9sz\u00fcl\u00e9k aktiv\u00e1l\u00e1sa \/ h\u00f3nap<\/td><td class=\"has-text-align-left\" data-align=\"left\">80-200<\/td><\/tr><\/tbody><\/table><\/figure>\n\n\n\n<p>Van lehet\u0151s\u00e9g r\u00e9szletfizet\u00e9sre.<\/p>","protected":false},"excerpt":{"rendered":"<p>Fogorvosok Dr. Madaras Bal\u00e1zsFogorvos szakorvos Dr. D\u00e1vid No\u00e9mi-KatalinFogorvos szakorvos Dr. Trif\u00e1n TimeaFogorvos szakorvos Dr. Sz\u0151cs M\u00e1ty\u00e1s Barta KingaFogorvos szakorvos Dr. Jakab Botond EteleOrtodontus szakorvos Dr. Albert BlankaFogorvos szakorvos Dr. Asztalos Hunor Sz\u00e1jseb\u00e9sz szakorvos Id\u0151pontfoglal\u00e1s: 0733-553 978 Fog\u00e1szati szolg\u00e1ltat\u00e1sok Vizsg\u00e1latok \u00c1r (lei) Els\u0151 vizsg\u00e1lat 200 Tanulm\u00e1nyi minta 50 Kontrollvizsg\u00e1lat (esetdokument\u00e1ci\u00f3val) 150 Izom-csontrendszeri funkci\u00f3zavar sz\u0171r\u00e9s 100 Intraor\u00e1lis&#8230;<\/p>","protected":false},"author":1,"featured_media":0,"parent":0,"menu_order":0,"comment_status":"closed","ping_status":"closed","template":"","meta":{"footnotes":""},"class_list":["post-1543","page","type-page","status-publish","hentry"],"_links":{"self":[{"href":"https:\/\/www.doramedicals.ro\/hu\/wp-json\/wp\/v2\/pages\/1543","targetHints":{"allow":["GET"]}}],"collection":[{"href":"https:\/\/www.doramedicals.ro\/hu\/wp-json\/wp\/v2\/pages"}],"about":[{"href":"https:\/\/www.doramedicals.ro\/hu\/wp-json\/wp\/v2\/types\/page"}],"author":[{"embeddable":true,"href":"https:\/\/www.doramedicals.ro\/hu\/wp-json\/wp\/v2\/users\/1"}],"replies":[{"embeddable":true,"href":"https:\/\/www.doramedicals.ro\/hu\/wp-json\/wp\/v2\/comments?post=1543"}],"version-history":[{"count":1,"href":"https:\/\/www.doramedicals.ro\/hu\/wp-json\/wp\/v2\/pages\/1543\/revisions"}],"predecessor-version":[{"id":1544,"href":"https:\/\/www.doramedicals.ro\/hu\/wp-json\/wp\/v2\/pages\/1543\/revisions\/1544"}],"wp:attachment":[{"href":"https:\/\/www.doramedicals.ro\/hu\/wp-json\/wp\/v2\/media?parent=1543"}],"curies":[{"name":"wp","href":"https:\/\/api.w.org\/{rel}","templated":true}]}}