{"id":1540,"date":"2025-11-05T18:41:11","date_gmt":"2025-11-05T16:41:11","guid":{"rendered":"https:\/\/www.doramedicals.ro\/?page_id=1540"},"modified":"2025-11-05T18:41:13","modified_gmt":"2025-11-05T16:41:13","slug":"szemeszet","status":"publish","type":"page","link":"https:\/\/www.doramedicals.ro\/hu\/szemeszet\/","title":{"rendered":"Szem\u00e9szet"},"content":{"rendered":"<div class=\"wp-block-image\">\n<figure class=\"aligncenter size-large\"><img loading=\"lazy\" decoding=\"async\" width=\"1024\" height=\"339\" src=\"https:\/\/www.doramedicals.ro\/wp-content\/uploads\/2024\/11\/image-9-1024x339.png\" alt=\"\" class=\"wp-image-334\" srcset=\"https:\/\/www.doramedicals.ro\/wp-content\/uploads\/2024\/11\/image-9-1024x339.png 1024w, https:\/\/www.doramedicals.ro\/wp-content\/uploads\/2024\/11\/image-9-300x99.png 300w, https:\/\/www.doramedicals.ro\/wp-content\/uploads\/2024\/11\/image-9-768x254.png 768w, https:\/\/www.doramedicals.ro\/wp-content\/uploads\/2024\/11\/image-9-18x6.png 18w, https:\/\/www.doramedicals.ro\/wp-content\/uploads\/2024\/11\/image-9-450x149.png 450w, https:\/\/www.doramedicals.ro\/wp-content\/uploads\/2024\/11\/image-9.png 1200w\" sizes=\"auto, (max-width: 1024px) 100vw, 1024px\" \/><\/figure>\n<\/div>\n\n\n<h4 class=\"wp-block-heading has-text-align-center\"><strong>\u00a0<\/strong><a href=\"http:\/\/www.doraoptics.ro\/\" target=\"_blank\" rel=\"noreferrer noopener\"><br>Szem\u00e9szeti inform\u00e1ci\u00f3k\u00e9rt k\u00e9rj\u00fck, l\u00e1togasson el partner\u00fcnk weboldal\u00e1ra :www.doraoptics.ro<\/a>\u00a0<\/h4>\n\n\n\n<p><\/p>\n\n\n\n<h4 class=\"wp-block-heading has-text-align-center\">Orvosok<\/h4>\n\n\n\n<div class=\"wp-block-columns is-layout-flex wp-container-core-columns-is-layout-9d6595d7 wp-block-columns-is-layout-flex\">\n<div class=\"wp-block-column is-layout-flow wp-block-column-is-layout-flow\">\n<details class=\"wp-block-details is-layout-flow wp-block-details-is-layout-flow\"><summary><strong>Dr. Madaras Zolt\u00e1n<\/strong><\/summary>\n<p>Medic primar PhD<\/p>\n<\/details>\n\n\n\n<details class=\"wp-block-details is-layout-flow wp-block-details-is-layout-flow\"><summary><strong>Dr. Ferencz Attila<\/strong><\/summary>\n<p>medic primar<\/p>\n<\/details>\n\n\n\n<details class=\"wp-block-details is-layout-flow wp-block-details-is-layout-flow\"><summary><strong>Dr. Cuc Dogaru Oana<\/strong><\/summary>\n<p>medic primar<\/p>\n<\/details>\n<\/div>\n\n\n\n<div class=\"wp-block-column is-layout-flow wp-block-column-is-layout-flow\">\n<details class=\"wp-block-details is-layout-flow wp-block-details-is-layout-flow\"><summary><strong>Dr. Szatm\u00e1ri Judit<\/strong><\/summary>\n<p><em>Medic primar<\/em><\/p>\n<\/details>\n\n\n\n<details class=\"wp-block-details is-layout-flow wp-block-details-is-layout-flow\"><summary><strong>Dr. D\u00f3czi Keresztesi Zolt\u00e1n<\/strong><\/summary>\n<p><em>Medic primar<\/em><\/p>\n<\/details>\n\n\n\n<details class=\"wp-block-details is-layout-flow wp-block-details-is-layout-flow\"><summary><strong>Dr. Barab\u00e1si Annam\u00e1ria<\/strong><\/summary>\n<p><em>Medic specialist<\/em><\/p>\n<\/details>\n<\/div>\n\n\n\n<div class=\"wp-block-column is-layout-flow wp-block-column-is-layout-flow\">\n<details class=\"wp-block-details is-layout-flow wp-block-details-is-layout-flow\"><summary><strong>Dr. T\u0103tar Elvira<\/strong><\/summary>\n<p><em>Medic primar<\/em><\/p>\n<\/details>\n\n\n\n<details class=\"wp-block-details is-layout-flow wp-block-details-is-layout-flow\"><summary><strong>Dr. Chi\u0219 Hora\u021biu Gabriel<\/strong><\/summary>\n<p><em>Medic specialist<\/em><\/p>\n<\/details>\n\n\n\n<details class=\"wp-block-details is-layout-flow wp-block-details-is-layout-flow\"><summary><strong>Dr. Coci\u0219iu Andrei<\/strong><\/summary>\n<p><em>Medic specialist<\/em><\/p>\n<\/details>\n<\/div>\n<\/div>\n\n\n\n<p>.<\/p>\n\n\n\n<p><\/p>\n\n\n\n<h4 class=\"wp-block-heading has-text-align-center\">\ud83d\udcdeI<strong>nform\u00e1ci\u00f3 \u00e9s id\u0151pontfoglal\u00e1s<\/strong><\/h4>\n\n\n\n<p class=\"has-text-align-center\">0799-305 474<\/p>\n\n\n\n<p class=\"has-text-align-center\">0733-553 976<\/p>","protected":false},"excerpt":{"rendered":"<p>\u00a0Szem\u00e9szeti inform\u00e1ci\u00f3k\u00e9rt k\u00e9rj\u00fck, l\u00e1togasson el partner\u00fcnk weboldal\u00e1ra :www.doraoptics.ro\u00a0 Orvosok . \ud83d\udcdeInform\u00e1ci\u00f3 \u00e9s id\u0151pontfoglal\u00e1s 0799-305 474 0733-553 976<\/p>","protected":false},"author":1,"featured_media":0,"parent":0,"menu_order":0,"comment_status":"closed","ping_status":"closed","template":"","meta":{"footnotes":""},"class_list":["post-1540","page","type-page","status-publish","hentry"],"_links":{"self":[{"href":"https:\/\/www.doramedicals.ro\/hu\/wp-json\/wp\/v2\/pages\/1540","targetHints":{"allow":["GET"]}}],"collection":[{"href":"https:\/\/www.doramedicals.ro\/hu\/wp-json\/wp\/v2\/pages"}],"about":[{"href":"https:\/\/www.doramedicals.ro\/hu\/wp-json\/wp\/v2\/types\/page"}],"author":[{"embeddable":true,"href":"https:\/\/www.doramedicals.ro\/hu\/wp-json\/wp\/v2\/users\/1"}],"replies":[{"embeddable":true,"href":"https:\/\/www.doramedicals.ro\/hu\/wp-json\/wp\/v2\/comments?post=1540"}],"version-history":[{"count":1,"href":"https:\/\/www.doramedicals.ro\/hu\/wp-json\/wp\/v2\/pages\/1540\/revisions"}],"predecessor-version":[{"id":1541,"href":"https:\/\/www.doramedicals.ro\/hu\/wp-json\/wp\/v2\/pages\/1540\/revisions\/1541"}],"wp:attachment":[{"href":"https:\/\/www.doramedicals.ro\/hu\/wp-json\/wp\/v2\/media?parent=1540"}],"curies":[{"name":"wp","href":"https:\/\/api.w.org\/{rel}","templated":true}]}}