{"id":1537,"date":"2025-11-05T18:38:00","date_gmt":"2025-11-05T16:38:00","guid":{"rendered":"https:\/\/www.doramedicals.ro\/?page_id=1537"},"modified":"2025-11-05T18:38:02","modified_gmt":"2025-11-05T16:38:02","slug":"orvosi-igazolas-fegyvertartasi-engedelyhez","status":"publish","type":"page","link":"https:\/\/www.doramedicals.ro\/hu\/orvosi-igazolas-fegyvertartasi-engedelyhez\/","title":{"rendered":"Orvosi igazol\u00e1s \u2013 Fegyvertart\u00e1si enged\u00e9lyhez"},"content":{"rendered":"<figure class=\"wp-block-image size-full is-resized\"><img loading=\"lazy\" decoding=\"async\" width=\"2560\" height=\"1707\" src=\"https:\/\/www.doramedicals.ro\/wp-content\/uploads\/2024\/12\/PORT-ARMA-scaled.jpg\" alt=\"Fi\u0219\u0103 medical\u0103 - PERMIS PORT - ARM\u0102\" class=\"wp-image-755\" style=\"width:554px;height:auto\" srcset=\"https:\/\/www.doramedicals.ro\/wp-content\/uploads\/2024\/12\/PORT-ARMA-scaled.jpg 2560w, https:\/\/www.doramedicals.ro\/wp-content\/uploads\/2024\/12\/PORT-ARMA-300x200.jpg 300w, https:\/\/www.doramedicals.ro\/wp-content\/uploads\/2024\/12\/PORT-ARMA-1024x683.jpg 1024w, https:\/\/www.doramedicals.ro\/wp-content\/uploads\/2024\/12\/PORT-ARMA-768x512.jpg 768w, https:\/\/www.doramedicals.ro\/wp-content\/uploads\/2024\/12\/PORT-ARMA-1536x1024.jpg 1536w, https:\/\/www.doramedicals.ro\/wp-content\/uploads\/2024\/12\/PORT-ARMA-2048x1365.jpg 2048w, https:\/\/www.doramedicals.ro\/wp-content\/uploads\/2024\/12\/PORT-ARMA-18x12.jpg 18w, https:\/\/www.doramedicals.ro\/wp-content\/uploads\/2024\/12\/PORT-ARMA-338x225.jpg 338w, https:\/\/www.doramedicals.ro\/wp-content\/uploads\/2024\/12\/PORT-ARMA-334x223.jpg 334w\" sizes=\"auto, (max-width: 2560px) 100vw, 2560px\" \/><\/figure>\n\n\n\n<p><br>A Dora Medicals egy mag\u00e1nklinika Marosv\u00e1s\u00e1rhely sz\u00edv\u00e9ben, amely gyors \u00e9s hat\u00e9kony orvosi szolg\u00e1ltat\u00e1sokat ny\u00fajt k\u00fcl\u00f6nf\u00e9le orvosi igazol\u00e1sok megszerz\u00e9s\u00e9hez vagy meg\u00faj\u00edt\u00e1s\u00e1hoz, p\u00e9ld\u00e1ul jogos\u00edtv\u00e1nyhoz vagy fegyvertart\u00e1si enged\u00e9lyhez. K\u00fcl\u00f6n\u00f6s figyelmet ford\u00edtunk p\u00e1cienseink k\u00e9nyelm\u00e9re \u00e9s el\u00e9gedetts\u00e9g\u00e9re, stresszmentes, professzion\u00e1lis \u00e9s bar\u00e1ts\u00e1gos k\u00f6rnyezetben.<\/p>\n\n\n\n<div class=\"wp-block-buttons is-content-justification-center is-layout-flex wp-container-core-buttons-is-layout-16018d1d wp-block-buttons-is-layout-flex\">\n<div class=\"wp-block-button\"><a class=\"wp-block-button__link wp-element-button\" href=\"https:\/\/www.doramedicals.ro\/downloads\/DoraMedicals-FISA-MEDICALA-PORTARMA.pdf\">Orvosi igazol\u00e1s let\u00f6lt\u00e9se<\/a><\/div>\n<\/div>\n\n\n\n<h4 class=\"wp-block-heading\"><br><strong>Fegyvertart\u00e1si enged\u00e9lyhez<\/strong><\/h4>\n\n\n\n<p><br>A fegyvertart\u00e1si enged\u00e9ly megszerz\u00e9s\u00e9hez Rom\u00e1ni\u00e1ban k\u00f6telez\u0151 egy orvosi igazol\u00e1s kit\u00f6lt\u00e9se, amely igazolja a k\u00e9relmez\u0151 alkalmass\u00e1g\u00e1t a fegyver birtokl\u00e1s\u00e1ra \u00e9s haszn\u00e1lat\u00e1ra, valamint egy pszichol\u00f3giai v\u00e9lem\u00e9ny beszerz\u00e9se.<\/p>\n\n\n\n<p><\/p>\n\n\n\n<h4 class=\"wp-block-heading has-text-align-center\"><br><strong>Orvosi igazol\u00e1s<\/strong><\/h4>\n\n\n\n<h4 class=\"wp-block-heading\"><strong>Sz\u00fcks\u00e9ges dokumentumok az igazol\u00e1s elk\u00e9sz\u00edt\u00e9s\u00e9hez:<\/strong><\/h4>\n\n\n\n<div class=\"wp-block-group\"><div class=\"wp-block-group__inner-container is-layout-constrained wp-block-group-is-layout-constrained\">\n<p>-Eredeti szem\u00e9lyazonos\u00edt\u00f3 igazolv\u00e1ny<\/p>\n\n\n\n<p>-Kit\u00f6lt\u00f6tt orvosi igazol\u00e1s formanyomtatv\u00e1ny (k\u00e9t p\u00e9ld\u00e1nyban)<\/p>\n\n\n\n<p>-Csal\u00e1dorvosi igazol\u00e1s<br><\/p>\n<\/div><\/div>\n\n\n\n<h4 class=\"wp-block-heading\"><br><strong>Vizsg\u00e1lati szak\u00e1gak<\/strong><\/h4>\n\n\n\n<p><br>A fegyvertart\u00e1si enged\u00e9lyhez sz\u00fcks\u00e9ges orvosi igazol\u00e1s t\u00f6bb szakter\u00fclet orvosa \u00e1ltal v\u00e9gzett vizsg\u00e1latokat foglal mag\u00e1ban, hogy a k\u00e9relmez\u0151 fizikai \u00e9s pszich\u00e9s alkalmass\u00e1g\u00e1t igazolja. A szak\u00e1gak a k\u00f6vetkez\u0151k:<\/p>\n\n\n\n<ul class=\"wp-block-list\">\n<li><strong>Pszichi\u00e1tria<\/strong> \u2013 ment\u00e1lis \u00e1llapot \u00e9s esetleges pszich\u00e9s zavarok \u00e9rt\u00e9kel\u00e9se<\/li>\n\n\n\n<li><strong>Szem\u00e9szet<\/strong> \u2013 l\u00e1t\u00e1s\u00e9less\u00e9g \u00e9s egy\u00e9b szem\u00e9szeti szempontok ellen\u0151rz\u00e9se<\/li>\n\n\n\n<li><strong>Neurol\u00f3gia<\/strong> \u2013 olyan betegs\u00e9gek kiz\u00e1r\u00e1sa, melyek eszm\u00e9letveszt\u00e9st vagy rendellenes reflexeket okozhatnak<\/li>\n\n\n\n<li><strong>Belgy\u00f3gy\u00e1szat<\/strong> \u2013 \u00e1ltal\u00e1nos eg\u00e9szs\u00e9gi \u00e1llapot felm\u00e9r\u00e9se<\/li>\n\n\n\n<li><strong>Ortop\u00e9dia<\/strong> \u2013 mozg\u00e1sszervi probl\u00e9m\u00e1k felt\u00e1r\u00e1sa, amelyek vesz\u00e9lyeztethetik a fegyver biztons\u00e1gos haszn\u00e1lat\u00e1t<\/li>\n\n\n\n<li><strong>F\u00fcl-orr-g\u00e9g\u00e9szet<\/strong> \u2013 hall\u00e1svizsg\u00e1lat, mely fontos a fegyverhaszn\u00e1lat sor\u00e1n hallhat\u00f3 hangok \u00e9rz\u00e9kel\u00e9s\u00e9hez<\/li>\n<\/ul>\n\n\n\n<p><\/p>\n\n\n\n<h4 class=\"wp-block-heading has-text-align-center\"><br><strong>Pszichol\u00f3giai v\u00e9lem\u00e9ny<\/strong><\/h4>\n\n\n\n<p><br><strong>Mit tartalmaz a pszichol\u00f3giai vizsg\u00e1lat?<\/strong><\/p>\n\n\n\n<p>A pszichol\u00f3giai vizsg\u00e1lat teszteket \u00e9s interj\u00fakat foglal mag\u00e1ban, amelyek sor\u00e1n a pszichol\u00f3gus elemzi:<\/p>\n\n\n\n<ul class=\"wp-block-list\">\n<li>\u00c9rzelmi stabilit\u00e1s \u2013 hogy a k\u00e9relmez\u0151 k\u00e9pes legyen kezelni a stresszes helyzeteket<\/li>\n\n\n\n<li>Impulzuskontroll \u2013 elengedhetetlen a kontroll\u00e1latlan reakci\u00f3k elker\u00fcl\u00e9s\u00e9hez fesz\u00fclts\u00e9ggel teli helyzetekben<\/li>\n\n\n\n<li>Figyelem \u00e9s koncentr\u00e1ci\u00f3 \u2013 gyors \u00e9s helyes d\u00f6nt\u00e9shozatali k\u00e9pess\u00e9g \u00e9rt\u00e9kel\u00e9se<\/li>\n\n\n\n<li>T\u00e1rsadalmi \u00e9s jogi szab\u00e1lyok tiszteletben tart\u00e1sa<\/li>\n<\/ul>\n\n\n\n<p>A pszichol\u00f3giai v\u00e9lem\u00e9nyt csak az erre jogosult, a Nemzeti Pszichol\u00f3gusok Nyilv\u00e1ntart\u00e1s\u00e1ban szerepl\u0151 pszichol\u00f3gusok adhatj\u00e1k ki. Ez a vizsg\u00e1lat elt\u00e9r egy \u00e1ltal\u00e1nos pszichol\u00f3giai konzult\u00e1ci\u00f3t\u00f3l, mivel a fegyvertart\u00e1sra vonatkoz\u00f3 t\u00f6rv\u00e9nyi el\u0151\u00edr\u00e1sokhoz igazodik.<\/p>\n\n\n\n<p><\/p>\n\n\n\n<p><strong>A pszichol\u00f3giai v\u00e9lem\u00e9ny fontoss\u00e1ga<\/strong><\/p>\n\n\n\n<p>Ez a dokumentum alapvet\u0151, mert garant\u00e1lja, hogy a fegyvertart\u00e1si enged\u00e9lyt k\u00e9r\u0151 szem\u00e9ly nem jelent pszichol\u00f3giai kock\u00e1zatot saj\u00e1t vagy m\u00e1sok biztons\u00e1g\u00e1ra n\u00e9zve. En\u00e9lk\u00fcl a v\u00e9lem\u00e9ny n\u00e9lk\u00fcl a k\u00e9relem nem hagyhat\u00f3 j\u00f3v\u00e1.<\/p>\n\n\n\n<p><\/p>\n\n\n\n<h4 class=\"wp-block-heading\"><br><strong>Az orvosi igazol\u00e1s \u00e9s pszichol\u00f3giai v\u00e9lem\u00e9ny megszerz\u00e9s\u00e9nek folyamata<\/strong><\/h4>\n\n\n\n<ul class=\"wp-block-list\">\n<li>Megjelen\u00e9s a klinik\u00e1n a sz\u00fcks\u00e9ges dokumentumokkal \u2013 rendel\u00e9si id\u0151: kedd 10:00\u201312:00<\/li>\n\n\n\n<li>A szolg\u00e1ltat\u00e1s d\u00edj\u00e1nak kiegyenl\u00edt\u00e9se \u2013 200 lej<\/li>\n\n\n\n<li>Szakvizsg\u00e1latok elv\u00e9gz\u00e9se<\/li>\n\n\n\n<li>V\u00e9gs\u0151 alkalmass\u00e1gi v\u00e9lem\u00e9ny kiad\u00e1sa<\/li>\n<\/ul>\n\n\n\n<h4 class=\"wp-block-heading\"><br><strong>Az orvosi igazol\u00e1s \u00e9rv\u00e9nyess\u00e9ge<\/strong><\/h4>\n\n\n\n<p>A fegyvertart\u00e1si enged\u00e9lyhez ki\u00e1ll\u00edtott orvosi igazol\u00e1s 12 h\u00f3napig \u00e9rv\u00e9nyes a ki\u00e1ll\u00edt\u00e1s d\u00e1tum\u00e1t\u00f3l sz\u00e1m\u00edtva, amennyiben nem t\u00f6rt\u00e9nt eg\u00e9szs\u00e9gi \u00e1llapotbeli v\u00e1ltoz\u00e1s.<\/p>\n\n\n\n<p>A pszichol\u00f3giai v\u00e9lem\u00e9ny \u00e9rv\u00e9nyess\u00e9ge \u00e1ltal\u00e1ban 6 h\u00f3nap, de elt\u00e9rhet a pszichol\u00f3gus vagy a helyi jogszab\u00e1lyok szerint.<\/p>\n\n\n\n<p><strong>Kapcsolat<\/strong><\/p>\n\n\n\n<p>Legyen sz\u00f3 jogos\u00edtv\u00e1nyr\u00f3l vagy fegyvertart\u00e1si enged\u00e9lyr\u0151l, a Dora Medicals megb\u00edzhat\u00f3 partnered. Id\u0151pontfoglal\u00e1s\u00e9rt vagy tov\u00e1bbi inform\u00e1ci\u00f3\u00e9rt kereshetsz minket az al\u00e1bbi telefonsz\u00e1mokon, vagy l\u00e1togass el rendel\u0151nkbe.<\/p>\n\n\n\n<p><\/p>\n\n\n\n<p>\ud83d\udccd<a href=\"https:\/\/www.google.com\/maps\/place\/Dora+Medicals+SRL+-+sediu+central\/@46.5513383,24.5620517,17z\/data=!3m1!4b1!4m6!3m5!1s0x474bb639e717fe91:0x9a335823149af450!8m2!3d46.5513346!4d24.5646266!16s%2Fg%2F1hc23hdvq?entry=ttu&amp;g_ep=EgoyMDI0MTEyNC4xIKXMDSoASAFQAw%3D%3D\">Marosv\u00e1s\u00e1rhely, P-\u021ba M\u0103r\u0103\u0219e\u0219ti, nr. 21<\/a><br>\ud83d\udcdeTelefon: 0265.212.971 \/ 0265.212.972 \/ 0733.553.970<\/p>\n\n\n\n<p><br>A fegyvertart\u00e1si enged\u00e9ly megszerz\u00e9se szigor\u00fa folyamat, n\u00e1lunk pedig gyors \u00e9s professzion\u00e1lis vizsg\u00e1latokon vehetsz r\u00e9szt. Minden vizsg\u00e1latot tapasztalt szakemberek v\u00e9geznek, akik v\u00e9gig t\u00e1mogatnak a folyamat sor\u00e1n.<br><br><br><\/p>","protected":false},"excerpt":{"rendered":"<p>A Dora Medicals egy mag\u00e1nklinika Marosv\u00e1s\u00e1rhely sz\u00edv\u00e9ben, amely gyors \u00e9s hat\u00e9kony orvosi szolg\u00e1ltat\u00e1sokat ny\u00fajt k\u00fcl\u00f6nf\u00e9le orvosi igazol\u00e1sok megszerz\u00e9s\u00e9hez vagy meg\u00faj\u00edt\u00e1s\u00e1hoz, p\u00e9ld\u00e1ul jogos\u00edtv\u00e1nyhoz vagy fegyvertart\u00e1si enged\u00e9lyhez. K\u00fcl\u00f6n\u00f6s figyelmet ford\u00edtunk p\u00e1cienseink k\u00e9nyelm\u00e9re \u00e9s el\u00e9gedetts\u00e9g\u00e9re, stresszmentes, professzion\u00e1lis \u00e9s bar\u00e1ts\u00e1gos k\u00f6rnyezetben. Fegyvertart\u00e1si enged\u00e9lyhez A fegyvertart\u00e1si enged\u00e9ly megszerz\u00e9s\u00e9hez Rom\u00e1ni\u00e1ban k\u00f6telez\u0151 egy orvosi igazol\u00e1s kit\u00f6lt\u00e9se, amely igazolja a k\u00e9relmez\u0151 alkalmass\u00e1g\u00e1t a&#8230;<\/p>","protected":false},"author":1,"featured_media":0,"parent":0,"menu_order":0,"comment_status":"closed","ping_status":"closed","template":"","meta":{"footnotes":""},"class_list":["post-1537","page","type-page","status-publish","hentry"],"_links":{"self":[{"href":"https:\/\/www.doramedicals.ro\/hu\/wp-json\/wp\/v2\/pages\/1537","targetHints":{"allow":["GET"]}}],"collection":[{"href":"https:\/\/www.doramedicals.ro\/hu\/wp-json\/wp\/v2\/pages"}],"about":[{"href":"https:\/\/www.doramedicals.ro\/hu\/wp-json\/wp\/v2\/types\/page"}],"author":[{"embeddable":true,"href":"https:\/\/www.doramedicals.ro\/hu\/wp-json\/wp\/v2\/users\/1"}],"replies":[{"embeddable":true,"href":"https:\/\/www.doramedicals.ro\/hu\/wp-json\/wp\/v2\/comments?post=1537"}],"version-history":[{"count":1,"href":"https:\/\/www.doramedicals.ro\/hu\/wp-json\/wp\/v2\/pages\/1537\/revisions"}],"predecessor-version":[{"id":1538,"href":"https:\/\/www.doramedicals.ro\/hu\/wp-json\/wp\/v2\/pages\/1537\/revisions\/1538"}],"wp:attachment":[{"href":"https:\/\/www.doramedicals.ro\/hu\/wp-json\/wp\/v2\/media?parent=1537"}],"curies":[{"name":"wp","href":"https:\/\/api.w.org\/{rel}","templated":true}]}}