{"id":1535,"date":"2025-11-05T18:22:08","date_gmt":"2025-11-05T16:22:08","guid":{"rendered":"https:\/\/www.doramedicals.ro\/?page_id=1535"},"modified":"2025-11-05T18:22:09","modified_gmt":"2025-11-05T16:22:09","slug":"orvosi-igazolas-jogositvanyhoz","status":"publish","type":"page","link":"https:\/\/www.doramedicals.ro\/hu\/orvosi-igazolas-jogositvanyhoz\/","title":{"rendered":"Orvosi igazol\u00e1s \u2013 Jogos\u00edtv\u00e1nyhoz"},"content":{"rendered":"<div class=\"wp-block-image\">\n<figure class=\"aligncenter size-large\"><img loading=\"lazy\" decoding=\"async\" width=\"1024\" height=\"406\" src=\"https:\/\/www.doramedicals.ro\/wp-content\/uploads\/2024\/11\/image-6-1024x406.png\" alt=\"\" class=\"wp-image-271\" srcset=\"https:\/\/www.doramedicals.ro\/wp-content\/uploads\/2024\/11\/image-6-1024x406.png 1024w, https:\/\/www.doramedicals.ro\/wp-content\/uploads\/2024\/11\/image-6-300x119.png 300w, https:\/\/www.doramedicals.ro\/wp-content\/uploads\/2024\/11\/image-6-768x304.png 768w, https:\/\/www.doramedicals.ro\/wp-content\/uploads\/2024\/11\/image-6-1536x609.png 1536w, https:\/\/www.doramedicals.ro\/wp-content\/uploads\/2024\/11\/image-6-2048x811.png 2048w, https:\/\/www.doramedicals.ro\/wp-content\/uploads\/2024\/11\/image-6-18x7.png 18w, https:\/\/www.doramedicals.ro\/wp-content\/uploads\/2024\/11\/image-6-450x178.png 450w\" sizes=\"auto, (max-width: 1024px) 100vw, 1024px\" \/><\/figure>\n<\/div>\n\n\n<p><br>A Dora Medicals egy mag\u00e1nklinika, amely Marosv\u00e1s\u00e1rhely sz\u00edv\u00e9ben tal\u00e1lhat\u00f3, \u00e9s gyors, hat\u00e9kony orvosi szolg\u00e1ltat\u00e1sokat ny\u00fajt k\u00fcl\u00f6nf\u00e9le orvosi igazol\u00e1sok ki\u00e1ll\u00edt\u00e1s\u00e1hoz vagy meg\u00faj\u00edt\u00e1s\u00e1hoz, mint p\u00e9ld\u00e1ul a jogos\u00edtv\u00e1ny vagy fegyvertart\u00e1si enged\u00e9ly. K\u00fcl\u00f6n\u00f6sen \u00fcgyel\u00fcnk p\u00e1cienseink k\u00e9nyelm\u00e9re \u00e9s el\u00e9gedetts\u00e9g\u00e9re, stresszmentes, professzion\u00e1lis \u00e9s bar\u00e1ts\u00e1gos k\u00f6rnyezetben biztos\u00edtva a szolg\u00e1ltat\u00e1sokat.<br><\/p>\n\n\n\n<div class=\"wp-block-buttons is-content-justification-center is-layout-flex wp-container-core-buttons-is-layout-16018d1d wp-block-buttons-is-layout-flex\">\n<div class=\"wp-block-button\"><a class=\"wp-block-button__link wp-element-button\" href=\"https:\/\/www.doramedicals.ro\/downloads\/DoraMedicals-FISA-AUTO.pdf\">T\u00f6ltsd le az orvosi igazol\u00e1sodat<\/a><\/div>\n<\/div>\n\n\n\n<p><\/p>\n\n\n\n<h4 class=\"wp-block-heading\"><br><strong>JOGOS\u00cdTV\u00c1NYHOZ<\/strong><\/h4>\n\n\n\n<p><br>A jogos\u00edtv\u00e1ny megszerz\u00e9s\u00e9hez k\u00f6telez\u0151 az orvosi igazol\u00e1s, amely igazolja, hogy a k\u00e9relmez\u0151 eg\u00e9szs\u00e9gi \u00e1llapota megfelel\u0151 a biztons\u00e1gos g\u00e9pj\u00e1rm\u0171vezet\u00e9shez. Ez k\u00f6telez\u0151 mind a vizsg\u00e1ra jelentkez\u0151knek, mind a jogos\u00edtv\u00e1ny meg\u00faj\u00edt\u00e1sakor. A Dora Medicals jogosults\u00e1ggal rendelkezik az I. csoportba tartoz\u00f3 jogos\u00edtv\u00e1nyok (A, A1, A2, B, B1 \u00e9s BE kateg\u00f3ri\u00e1k) orvosi igazol\u00e1sainak ki\u00e1ll\u00edt\u00e1s\u00e1ra vagy meg\u00faj\u00edt\u00e1s\u00e1ra.<br><br><strong><strong>Sz\u00fcks\u00e9ges dokumentumok az orvosi igazol\u00e1s elk\u00e9sz\u00edt\u00e9s\u00e9hez<\/strong><\/strong><\/p>\n\n\n\n<ul class=\"wp-block-list\">\n<li>Szem\u00e9lyazonos\u00edt\u00f3 igazolv\u00e1ny<\/li>\n\n\n\n<li>Kit\u00f6lt\u00f6tt orvosi igazol\u00e1s formanyomtatv\u00e1ny<\/li>\n\n\n\n<li>Csal\u00e1dorvosi igazol\u00e1s<\/li>\n<\/ul>\n\n\n\n<h4 class=\"wp-block-heading\"><br><strong>Vizsg\u00e1lati szak\u00e1gak<\/strong><\/h4>\n\n\n\n<p>A jogos\u00edtv\u00e1nyhoz sz\u00fcks\u00e9ges orvosi igazol\u00e1s t\u00f6bb szakter\u00fclet vizsg\u00e1lat\u00e1t foglalja mag\u00e1ba, hogy a k\u00e9relmez\u0151 fizikai \u00e9s pszich\u00e9s alkalmass\u00e1ga biztos\u00edtott legyen:<\/p>\n\n\n\n<ul class=\"wp-block-list\">\n<li><strong>Belgy\u00f3gy\u00e1szat<\/strong> \u2013 az \u00e1ltal\u00e1nos eg\u00e9szs\u00e9gi \u00e1llapot ellen\u0151rz\u00e9se<\/li>\n\n\n\n<li><strong>Ortop\u00e9dia<\/strong> \u2013 mozg\u00e1sszervi esetleges hi\u00e1nyoss\u00e1gok vizsg\u00e1lata, melyek befoly\u00e1solhatj\u00e1k a vezet\u00e9st<\/li>\n\n\n\n<li><strong>Neurol\u00f3gia<\/strong> \u2013 olyan betegs\u00e9gek kiz\u00e1r\u00e1sa, amelyek eszm\u00e9letveszt\u00e9st vagy rendellenes reflexeket okozhatnak<\/li>\n\n\n\n<li><strong>Pszichi\u00e1tria<\/strong> \u2013 pszich\u00e9s \u00e1llapot \u00e9s koncentr\u00e1ci\u00f3s k\u00e9pess\u00e9g \u00e9rt\u00e9kel\u00e9se<\/li>\n\n\n\n<li><strong>Szem\u00e9szet<\/strong> \u2013 l\u00e1t\u00e1s\u00e9less\u00e9g, sz\u00ednl\u00e1t\u00e1s \u00e9s l\u00e1t\u00f3t\u00e9r ellen\u0151rz\u00e9se<\/li>\n\n\n\n<li><strong>F\u00fcl-orr-g\u00e9g\u00e9szet<\/strong> \u2013 hall\u00f3k\u00e9pess\u00e9g vizsg\u00e1lata<\/li>\n<\/ul>\n\n\n\n<h4 class=\"wp-block-heading\"><br><strong>Az orvosi igazol\u00e1s megszerz\u00e9s\u00e9nek folyamata:<\/strong><\/h4>\n\n\n\n<ul class=\"wp-block-list\">\n<li>Megjelen\u00e9s a klinik\u00e1n a sz\u00fcks\u00e9ges dokumentumokkal \u2013 rendel\u00e9si id\u0151: kedd 10:00\u201312:00<\/li>\n\n\n\n<li>A szolg\u00e1ltat\u00e1s d\u00edj\u00e1nak kiegyenl\u00edt\u00e9se \u2013 100 lej<\/li>\n\n\n\n<li>Szakvizsg\u00e1latok elv\u00e9gz\u00e9se<\/li>\n\n\n\n<li>V\u00e9gs\u0151 alkalmass\u00e1gi v\u00e9lem\u00e9ny kiad\u00e1sa<\/li>\n<\/ul>\n\n\n\n<h4 class=\"wp-block-heading\"><strong>Az orvosi igazol\u00e1s \u00e9rv\u00e9nyess\u00e9ge<\/strong><\/h4>\n\n\n\n<p>A jogos\u00edtv\u00e1ny megszerz\u00e9s\u00e9hez vagy meg\u00faj\u00edt\u00e1s\u00e1hoz ki\u00e1ll\u00edtott orvosi igazol\u00e1s 12 h\u00f3napig \u00e9rv\u00e9nyes a ki\u00e1ll\u00edt\u00e1s d\u00e1tum\u00e1t\u00f3l sz\u00e1m\u00edtva, felt\u00e9ve, hogy nem t\u00f6rt\u00e9nt eg\u00e9szs\u00e9gi \u00e1llapotbeli v\u00e1ltoz\u00e1s.<\/p>\n\n\n\n<p><\/p>\n\n\n\n<h4 class=\"wp-block-heading\"><br><strong>Mi\u00e9rt v\u00e1laszd a Dora Medicalst?<\/strong><\/h4>\n\n\n\n<ul class=\"wp-block-list\">\n<li><strong>Gyorsas\u00e1g \u00e9s hat\u00e9konys\u00e1g:<\/strong> Minden szolg\u00e1ltat\u00e1s \u00fagy van kialak\u00edtva, hogy id\u0151t sp\u00f3roljon, \u00e9s min\u00e9l hamarabb megkapd a sz\u00fcks\u00e9ges dokumentumokat.<\/li>\n\n\n\n<li><strong>Professzionalizmus:<\/strong> Orvosi csapatunk felk\u00e9sz\u00fclt, hogy a legjobb szolg\u00e1ltat\u00e1st ny\u00fajtsa.<\/li>\n\n\n\n<li><strong>K\u00f6nny\u0171 megk\u00f6zel\u00edthet\u0151s\u00e9g:<\/strong> K\u00f6zponti elhelyezked\u00e9s \u00e9s \u00e1tl\u00e1that\u00f3 rendel\u00e9si id\u0151pontok.<\/li>\n\n\n\n<li><strong>Biztons\u00e1g:<\/strong> Minden hat\u00e1lyos orvosi norm\u00e1t \u00e9s el\u0151\u00edr\u00e1st betartunk.<\/li>\n<\/ul>\n\n\n\n<p><strong><br><strong>Kapcsolat<\/strong><\/strong><br><br>Legyen sz\u00fcks\u00e9ged jogos\u00edtv\u00e1nyra vagy fegyvertart\u00e1si enged\u00e9lyre, a Dora Medicals megb\u00edzhat\u00f3 partnered. Id\u0151pontfoglal\u00e1s\u00e9rt vagy tov\u00e1bbi inform\u00e1ci\u00f3\u00e9rt kereshetsz minket az al\u00e1bbi telefonsz\u00e1mokon, vagy l\u00e1togass el rendel\u0151nkbe.<\/p>\n\n\n\n<p>\ud83d\udccd<a href=\"https:\/\/www.google.com\/maps\/place\/Dora+Medicals+SRL+-+sediu+central\/@46.5513383,24.5620517,17z\/data=!3m1!4b1!4m6!3m5!1s0x474bb639e717fe91:0x9a335823149af450!8m2!3d46.5513346!4d24.5646266!16s%2Fg%2F1hc23hdvq?entry=ttu&amp;g_ep=EgoyMDI0MTEyNC4xIKXMDSoASAFQAw%3D%3D\" data-type=\"link\" data-id=\"https:\/\/www.google.com\/maps\/place\/Dora+Medicals+SRL+-+sediu+central\/@46.5513383,24.5620517,17z\/data=!3m1!4b1!4m6!3m5!1s0x474bb639e717fe91:0x9a335823149af450!8m2!3d46.5513346!4d24.5646266!16s%2Fg%2F1hc23hdvq?entry=ttu&amp;g_ep=EgoyMDI0MTEyNC4xIKXMDSoASAFQAw%3D%3D\">Marosv\u00e1s\u00e1rhely, P-\u021ba M\u0103r\u0103\u0219e\u0219ti, nr. 21<\/a><br>\ud83d\udcdeTelefon: 0265.212.971 \/ 0265.212.972 \/ 0733.553.970<\/p>\n\n\n\n<p><br><strong>V\u00e1laszd a professzionalizmust \u00e9s a gyorsas\u00e1got. V\u00e1laszd a Dora Medicalst!<\/strong><\/p>\n\n\n\n<p><\/p>","protected":false},"excerpt":{"rendered":"<p>A Dora Medicals egy mag\u00e1nklinika, amely Marosv\u00e1s\u00e1rhely sz\u00edv\u00e9ben tal\u00e1lhat\u00f3, \u00e9s gyors, hat\u00e9kony orvosi szolg\u00e1ltat\u00e1sokat ny\u00fajt k\u00fcl\u00f6nf\u00e9le orvosi igazol\u00e1sok ki\u00e1ll\u00edt\u00e1s\u00e1hoz vagy meg\u00faj\u00edt\u00e1s\u00e1hoz, mint p\u00e9ld\u00e1ul a jogos\u00edtv\u00e1ny vagy fegyvertart\u00e1si enged\u00e9ly. K\u00fcl\u00f6n\u00f6sen \u00fcgyel\u00fcnk p\u00e1cienseink k\u00e9nyelm\u00e9re \u00e9s el\u00e9gedetts\u00e9g\u00e9re, stresszmentes, professzion\u00e1lis \u00e9s bar\u00e1ts\u00e1gos k\u00f6rnyezetben biztos\u00edtva a szolg\u00e1ltat\u00e1sokat. JOGOS\u00cdTV\u00c1NYHOZ A jogos\u00edtv\u00e1ny megszerz\u00e9s\u00e9hez k\u00f6telez\u0151 az orvosi igazol\u00e1s, amely igazolja, hogy a k\u00e9relmez\u0151&#8230;<\/p>","protected":false},"author":1,"featured_media":0,"parent":0,"menu_order":0,"comment_status":"closed","ping_status":"closed","template":"","meta":{"footnotes":""},"class_list":["post-1535","page","type-page","status-publish","hentry"],"_links":{"self":[{"href":"https:\/\/www.doramedicals.ro\/hu\/wp-json\/wp\/v2\/pages\/1535","targetHints":{"allow":["GET"]}}],"collection":[{"href":"https:\/\/www.doramedicals.ro\/hu\/wp-json\/wp\/v2\/pages"}],"about":[{"href":"https:\/\/www.doramedicals.ro\/hu\/wp-json\/wp\/v2\/types\/page"}],"author":[{"embeddable":true,"href":"https:\/\/www.doramedicals.ro\/hu\/wp-json\/wp\/v2\/users\/1"}],"replies":[{"embeddable":true,"href":"https:\/\/www.doramedicals.ro\/hu\/wp-json\/wp\/v2\/comments?post=1535"}],"version-history":[{"count":1,"href":"https:\/\/www.doramedicals.ro\/hu\/wp-json\/wp\/v2\/pages\/1535\/revisions"}],"predecessor-version":[{"id":1536,"href":"https:\/\/www.doramedicals.ro\/hu\/wp-json\/wp\/v2\/pages\/1535\/revisions\/1536"}],"wp:attachment":[{"href":"https:\/\/www.doramedicals.ro\/hu\/wp-json\/wp\/v2\/media?parent=1535"}],"curies":[{"name":"wp","href":"https:\/\/api.w.org\/{rel}","templated":true}]}}